{"id":1079,"date":"2020-06-11T14:52:50","date_gmt":"2020-06-11T18:52:50","guid":{"rendered":"http:\/\/c-go.org\/useful-links\/archives-infolettre\/"},"modified":"2020-10-06T14:54:06","modified_gmt":"2020-10-06T18:54:06","slug":"archives-infolettre","status":"publish","type":"page","link":"https:\/\/c-go.org\/en\/useful-links\/archives-infolettre\/","title":{"rendered":"Archives | infolettre"},"content":{"rendered":"<h3 style=\"padding-left: 80px;\"><img loading=\"lazy\" decoding=\"async\" class=\"alignnone size-full wp-image-1088\" src=\"http:\/\/c-go.org\/wp-content\/uploads\/2020\/06\/infolettre-_-1.png\" alt=\"\" width=\"564\" height=\"192\" \/><\/h3>\n<h3 style=\"padding-left: 80px;\">Voici nos plus r\u00e9centes INFOLETTRES<\/h3>\n<ul>\n<li style=\"list-style-type: none;\">\n<ul>\n<li style=\"list-style-type: none;\">\n<ul>\n<li><a href=\"https:\/\/app.cyberimpact.com\/newsletter-view-online?ct=SmrvG3YQyP1IU_Hbzfcrh1l5hxKnexQ_V0dKLDKJnMwoNq7NIlz_SnDbN-zuW3qtKP1s0VXT_o0dRFeKMOYLBw~~\">Infolettre | 6 octobre 2020<\/a><\/li>\n<li><a href=\"https:\/\/app.cyberimpact.com\/newsletter-view-online?ct=Cn2upGIHmmz8S5AIM_4wyX_8wDuPKm9NHExlKwZe9g7hXraRhpqxxOIhp9mtuOUqktgCieR_7NU-G7r9pxJ6Fg~~\">Infolettre | 4 septembre 2020<\/a><\/li>\n<li><a href=\"https:\/\/app.cyberimpact.com\/newsletter-view-online?ct=QJWSM1bumT_82rjZ-c2kIQxQG4MnVUm1Hj3i3g96ahhmqNFS5sUT7E1SAoQpel951is4zTaN28do8pvx1DPgig~~\">Infolettre | 20 ao\u00fbt 2020<\/a><\/li>\n<li><a href=\"https:\/\/app.cyberimpact.com\/newsletter-view-online?ct=TCp4ePmf-HrUPDt93cu0KQcw6JvA6ps8s8PT9syOUTOsPnIFHDqpeLue1VbNWgrH1DBgESaN4ue6G4ZoCxkZeA~~\">Infolettre | 7 ao\u00fbt 2020<\/a><\/li>\n<li><a href=\"https:\/\/app.cyberimpact.com\/newsletter-view-online?ct=voFDIQklFyyVkDq9V0guEg8XVeXt5g3mD267UFky727NvgtNLf9JMk9gqGuwgI3Rjg-aQAMxX_lQ7CvmQLHTsA~~\">Infolettre | 31 juillet 2020<\/a><\/li>\n<li><a href=\"https:\/\/app.cyberimpact.com\/newsletter-view-online?ct=lPFrta4E7slVRrv9_x7zaRcfgIV_rMnjSLCLNe4FnT3OQinilrEgBzPkCp4Bj-o0yLB_yR1APfBvM8VUu6HKSg~~\">Communication sp\u00e9ciale | Plaisirs Partag\u00e9s\u00a0<\/a><\/li>\n<li><a href=\"https:\/\/app.cyberimpact.com\/newsletter-view-online?ct=VMwpPgier2fTizaqk6vuknHhpMR_-f8tDK0fb9kxurOUwTOCnst65-8m7h9H7xKdphe0QCAs2-ExaErVGTx6rg~~\">Infolettre| Pr\u00e9sentation de la nouvelle directrice du cGO !<\/a><\/li>\n<li><a href=\"https:\/\/app.cyberimpact.com\/newsletter-view-online?ct=4uwzhBoBCEBME2fhky2PNDTtoG2THjfT00cAI8XR6mqWSXaONzYORuG6mHZNJbxfwEbjmYlaOlnfPm9uoeRWeA~~\">Infolettre | 10 juillet 2020<\/a><\/li>\n<li><a href=\"https:\/\/app.cyberimpact.com\/newsletter-view-online?ct=z_yRll5UDZmW2-DhyvhRM5JAyVqJ_am-7Xb1X2jKq5LG3pGfttB3IUEKpBl9qsPW9LLDGejoIw_x25Dstdk5Dw~~\">Invitation sp\u00e9ciale | 6 juillet 2020<\/a><\/li>\n<li><a href=\"https:\/\/app.cyberimpact.com\/newsletter-view-online?ct=SwV-ErLfQC0ZjbRqpPZDqMnKEbf-K_l0Yc4KyhEr4YjNM_gz7OnyVpOUJDd_Pt0Y6r_k7S_JKIpmKr4jd6cHjw~~\">Infolettre | 25 juin 2020<\/a><\/li>\n<li><a href=\"https:\/\/app.cyberimpact.com\/newsletter-view-online?ct=3B40NZYE46lnuyoMwZ4c5vmvWLxNYTHO35N1PGqA0c1qFQwzbB18QGY4oYXBdur9--9cWzNs0zXNtjqATq-lmQ~~\">Infolettre | 19 juin 2020<\/a><\/li>\n<li><a href=\"https:\/\/app.cyberimpact.com\/newsletter-view-online?ct=4S48kmjZNcQrcRN6lZ3KwzbKufgsBq6ECOZOiZsfKzC5IQO7ny3KGNPPSUSd4JpqZaCICpOMP9XT2EdH2qTWMw~~\">Infolettre | 12 juin 2020<\/a><\/li>\n<li style=\"text-align: left;\"><a href=\"https:\/\/app.cyberimpact.com\/newsletter-view-online?ct=M2-AtgJS27BBKl-q0T2Th8oENS-5FUHK7xczl_m3qBPB9jNXW6wOwbvCsjRFgcfMPbzrgR-mNiF8eSY7H6tQiQ~~\">Infolettre | 5 juin 2020<\/a><\/li>\n<li style=\"text-align: left;\"><a href=\"https:\/\/app.cyberimpact.com\/newsletter-view-online?ct=FFfkFkeNa0si7YfuYWt7PpOWuPVxvjrSwN694_XEOkWXJW1-K8yNQj6OeKEuKBGM0HvWV1zoRq-Q1us1AXmdDw~~\">Infolettre | 29 mai 2020<\/a><\/li>\n<li style=\"text-align: left;\"><a href=\"https:\/\/app.cyberimpact.com\/newsletter-view-online?ct=2TF1-OfXxIs_MwvWZxFkkWhVmg2bVM2ErXTDJuBSx4RHnICToNwcg4we81XbhLd75EbmkdYT32ZYx8aYICByXg~~\">Infolettre | 22 mai 2020<\/a><\/li>\n<li style=\"text-align: left;\">I<a href=\"https:\/\/app.cyberimpact.com\/newsletter-view-online?ct=ZWWdq99EcdorZUizkGfJvKRWo7qf8VfRCguZ1ZxHlrwHCTmwD0vzBTKVRluK9977vTqwgsdZEAE3rFr3zBz1xA~~\">nfolettre | 19 mai 2020<\/a><\/li>\n<li style=\"text-align: left;\"><a href=\"https:\/\/app.cyberimpact.com\/newsletter-view-online?ct=FdcijJktJBZPhMD2pzaWBRcG5y7RgRcP9645_AZWtLt5mATZoVUNWp6Y-QcVk8S3IMI5H4rTS6zactwf0bjaKg~~\">Infolettre | 14 mai 2020<\/a><\/li>\n<li style=\"text-align: left;\"><a href=\"https:\/\/app.cyberimpact.com\/newsletter-view-online?ct=VBOnUJpN5ZdbnZ88AYQKGwNRI3Winp21n-EN2zYBOvt7ld_NP4A3bW3EbUGMYpFVx-1n1fFgw6EADyOvATWMhQ~~\">Infolettre | 8 mai 2020<\/a><\/li>\n<li style=\"text-align: left;\"><a href=\"https:\/\/app.cyberimpact.com\/newsletter-view-online?ct=3xYhzSS5wm6jd0lPbPuZp1coNiFPrbUvx9Vx9SBuOko2apTFTopksTr7WXy5rLGKqNKq73TMG7REEGnTO2sYOQ~~\">Infolettre | 30 avril 2020<\/a><\/li>\n<li style=\"text-align: left;\"><a href=\"https:\/\/app.cyberimpact.com\/newsletter-view-online?ct=U1Vw1kN-1k3cPTYE2n2GRAJvoq7HlsPD-PtXHMASLzQ4vNS6AwnvcWOVqMO7z9i-jjXZCpsa0WnMMjCkuLEyuQ~~\">Infolettre | 23 avril 2020<\/a><\/li>\n<li style=\"text-align: left;\"><a href=\"https:\/\/app.cyberimpact.com\/newsletter-view-online?ct=zT31-EIU_1EAGaGtWRZBZn_0f_qml4tRlzCZNvhoEEUGrVTA8iF71vcYygPPAigS9Z3ZKWjSS0blL7n8-o_p0A~~\">Infolettre | 16 avril 2020<\/a><\/li>\n<li style=\"text-align: left;\"><a href=\"https:\/\/app.cyberimpact.com\/newsletter-view-online?ct=YIEqKb4gJhmb2RSo7zhb29_pAmspoihG4uUnrjjYBdjGV_Y9YSkjZPi8gvkGp5K1e_qEEusT2TMbgPAEHT14ng~~\">Infolettre | 10 avril 2020<\/a><\/li>\n<li style=\"text-align: left;\"><a href=\"https:\/\/app.cyberimpact.com\/newsletter-view-online?ct=7G88_gUkMqRIlSIChDQMbuNTEikFmWcmcM2zX6Jxi0IO6sJ3ps-OhzmBJHHicFZjtynoLc3RrHxjqrZwuJyslA~~\">Infolettre | 2 avril 2020<\/a><\/li>\n<\/ul>\n<\/li>\n<\/ul>\n<\/li>\n<\/ul>\n","protected":false},"excerpt":{"rendered":"<p>Voici nos plus r\u00e9centes INFOLETTRES Infolettre | 6 octobre 2020 Infolettre | 4 septembre 2020 Infolettre | 20 ao\u00fbt 2020 Infolettre | 7 ao\u00fbt 2020 Infolettre | 31 juillet 2020 Communication sp\u00e9ciale | Plaisirs Partag\u00e9s\u00a0 Infolettre| Pr\u00e9sentation de la nouvelle directrice du cGO ! Infolettre | 10 juillet 2020 Invitation sp\u00e9ciale | 6 juillet 2020 [&hellip;]<\/p>\n","protected":false},"author":4,"featured_media":0,"parent":396,"menu_order":0,"comment_status":"closed","ping_status":"closed","template":"","meta":{"_acf_changed":false,"content-type":"","footnotes":""},"class_list":["post-1079","page","type-page","status-publish","hentry"],"acf":[],"yoast_head":"<!-- This site is optimized with the Yoast SEO plugin v27.3 - https:\/\/yoast.com\/product\/yoast-seo-wordpress\/ -->\n<title>Archives | infolettre &#8212; Communaut\u00e9s Gatineau Ouest<\/title>\n<meta name=\"robots\" content=\"index, follow, max-snippet:-1, max-image-preview:large, max-video-preview:-1\" \/>\n<link rel=\"canonical\" href=\"https:\/\/c-go.org\/en\/useful-links\/archives-infolettre\/\" \/>\n<meta property=\"og:locale\" content=\"en_US\" \/>\n<meta property=\"og:type\" content=\"article\" \/>\n<meta property=\"og:title\" content=\"Archives | infolettre &#8212; Communaut\u00e9s Gatineau Ouest\" \/>\n<meta property=\"og:description\" content=\"Voici nos plus r\u00e9centes INFOLETTRES Infolettre | 6 octobre 2020 Infolettre | 4 septembre 2020 Infolettre | 20 ao\u00fbt 2020 Infolettre | 7 ao\u00fbt 2020 Infolettre | 31 juillet 2020 Communication sp\u00e9ciale | Plaisirs Partag\u00e9s\u00a0 Infolettre| Pr\u00e9sentation de la nouvelle directrice du cGO ! Infolettre | 10 juillet 2020 Invitation sp\u00e9ciale | 6 juillet 2020 [&hellip;]\" \/>\n<meta property=\"og:url\" content=\"https:\/\/c-go.org\/en\/useful-links\/archives-infolettre\/\" \/>\n<meta property=\"og:site_name\" content=\"Communaut\u00e9s Gatineau Ouest\" \/>\n<meta property=\"article:publisher\" content=\"https:\/\/www.facebook.com\/communautes.gatineauouest\" \/>\n<meta property=\"article:modified_time\" content=\"2020-10-06T18:54:06+00:00\" \/>\n<meta property=\"og:image\" content=\"http:\/\/c-go.org\/wp-content\/uploads\/2020\/06\/infolettre-_-1.png\" \/>\n<meta name=\"twitter:card\" content=\"summary_large_image\" \/>\n<script type=\"application\/ld+json\" class=\"yoast-schema-graph\">{\"@context\":\"https:\\\/\\\/schema.org\",\"@graph\":[{\"@type\":\"WebPage\",\"@id\":\"https:\\\/\\\/c-go.org\\\/en\\\/useful-links\\\/archives-infolettre\\\/\",\"url\":\"https:\\\/\\\/c-go.org\\\/en\\\/useful-links\\\/archives-infolettre\\\/\",\"name\":\"Archives | infolettre &#8212; Communaut\u00e9s Gatineau Ouest\",\"isPartOf\":{\"@id\":\"https:\\\/\\\/c-go.org\\\/#website\"},\"primaryImageOfPage\":{\"@id\":\"https:\\\/\\\/c-go.org\\\/en\\\/useful-links\\\/archives-infolettre\\\/#primaryimage\"},\"image\":{\"@id\":\"https:\\\/\\\/c-go.org\\\/en\\\/useful-links\\\/archives-infolettre\\\/#primaryimage\"},\"thumbnailUrl\":\"http:\\\/\\\/c-go.org\\\/wp-content\\\/uploads\\\/2020\\\/06\\\/infolettre-_-1.png\",\"datePublished\":\"2020-06-11T18:52:50+00:00\",\"dateModified\":\"2020-10-06T18:54:06+00:00\",\"breadcrumb\":{\"@id\":\"https:\\\/\\\/c-go.org\\\/en\\\/useful-links\\\/archives-infolettre\\\/#breadcrumb\"},\"inLanguage\":\"en-US\",\"potentialAction\":[{\"@type\":\"ReadAction\",\"target\":[\"https:\\\/\\\/c-go.org\\\/en\\\/useful-links\\\/archives-infolettre\\\/\"]}]},{\"@type\":\"ImageObject\",\"inLanguage\":\"en-US\",\"@id\":\"https:\\\/\\\/c-go.org\\\/en\\\/useful-links\\\/archives-infolettre\\\/#primaryimage\",\"url\":\"http:\\\/\\\/c-go.org\\\/wp-content\\\/uploads\\\/2020\\\/06\\\/infolettre-_-1.png\",\"contentUrl\":\"http:\\\/\\\/c-go.org\\\/wp-content\\\/uploads\\\/2020\\\/06\\\/infolettre-_-1.png\"},{\"@type\":\"BreadcrumbList\",\"@id\":\"https:\\\/\\\/c-go.org\\\/en\\\/useful-links\\\/archives-infolettre\\\/#breadcrumb\",\"itemListElement\":[{\"@type\":\"ListItem\",\"position\":1,\"name\":\"Accueil\",\"item\":\"https:\\\/\\\/c-go.org\\\/en\\\/\"},{\"@type\":\"ListItem\",\"position\":2,\"name\":\"Useful links\",\"item\":\"https:\\\/\\\/c-go.org\\\/en\\\/useful-links\\\/\"},{\"@type\":\"ListItem\",\"position\":3,\"name\":\"Archives | infolettre\"}]},{\"@type\":\"WebSite\",\"@id\":\"https:\\\/\\\/c-go.org\\\/#website\",\"url\":\"https:\\\/\\\/c-go.org\\\/\",\"name\":\"Communaut\u00e9s Gatineau Ouest\",\"description\":\"\",\"potentialAction\":[{\"@type\":\"SearchAction\",\"target\":{\"@type\":\"EntryPoint\",\"urlTemplate\":\"https:\\\/\\\/c-go.org\\\/?s={search_term_string}\"},\"query-input\":{\"@type\":\"PropertyValueSpecification\",\"valueRequired\":true,\"valueName\":\"search_term_string\"}}],\"inLanguage\":\"en-US\"}]}<\/script>\n<!-- \/ Yoast SEO plugin. -->","yoast_head_json":{"title":"Archives | infolettre &#8212; Communaut\u00e9s Gatineau Ouest","robots":{"index":"index","follow":"follow","max-snippet":"max-snippet:-1","max-image-preview":"max-image-preview:large","max-video-preview":"max-video-preview:-1"},"canonical":"https:\/\/c-go.org\/en\/useful-links\/archives-infolettre\/","og_locale":"en_US","og_type":"article","og_title":"Archives | infolettre &#8212; Communaut\u00e9s Gatineau Ouest","og_description":"Voici nos plus r\u00e9centes INFOLETTRES Infolettre | 6 octobre 2020 Infolettre | 4 septembre 2020 Infolettre | 20 ao\u00fbt 2020 Infolettre | 7 ao\u00fbt 2020 Infolettre | 31 juillet 2020 Communication sp\u00e9ciale | Plaisirs Partag\u00e9s\u00a0 Infolettre| Pr\u00e9sentation de la nouvelle directrice du cGO ! Infolettre | 10 juillet 2020 Invitation sp\u00e9ciale | 6 juillet 2020 [&hellip;]","og_url":"https:\/\/c-go.org\/en\/useful-links\/archives-infolettre\/","og_site_name":"Communaut\u00e9s Gatineau Ouest","article_publisher":"https:\/\/www.facebook.com\/communautes.gatineauouest","article_modified_time":"2020-10-06T18:54:06+00:00","og_image":[{"url":"http:\/\/c-go.org\/wp-content\/uploads\/2020\/06\/infolettre-_-1.png","type":"","width":"","height":""}],"twitter_card":"summary_large_image","schema":{"@context":"https:\/\/schema.org","@graph":[{"@type":"WebPage","@id":"https:\/\/c-go.org\/en\/useful-links\/archives-infolettre\/","url":"https:\/\/c-go.org\/en\/useful-links\/archives-infolettre\/","name":"Archives | infolettre &#8212; Communaut\u00e9s Gatineau Ouest","isPartOf":{"@id":"https:\/\/c-go.org\/#website"},"primaryImageOfPage":{"@id":"https:\/\/c-go.org\/en\/useful-links\/archives-infolettre\/#primaryimage"},"image":{"@id":"https:\/\/c-go.org\/en\/useful-links\/archives-infolettre\/#primaryimage"},"thumbnailUrl":"http:\/\/c-go.org\/wp-content\/uploads\/2020\/06\/infolettre-_-1.png","datePublished":"2020-06-11T18:52:50+00:00","dateModified":"2020-10-06T18:54:06+00:00","breadcrumb":{"@id":"https:\/\/c-go.org\/en\/useful-links\/archives-infolettre\/#breadcrumb"},"inLanguage":"en-US","potentialAction":[{"@type":"ReadAction","target":["https:\/\/c-go.org\/en\/useful-links\/archives-infolettre\/"]}]},{"@type":"ImageObject","inLanguage":"en-US","@id":"https:\/\/c-go.org\/en\/useful-links\/archives-infolettre\/#primaryimage","url":"http:\/\/c-go.org\/wp-content\/uploads\/2020\/06\/infolettre-_-1.png","contentUrl":"http:\/\/c-go.org\/wp-content\/uploads\/2020\/06\/infolettre-_-1.png"},{"@type":"BreadcrumbList","@id":"https:\/\/c-go.org\/en\/useful-links\/archives-infolettre\/#breadcrumb","itemListElement":[{"@type":"ListItem","position":1,"name":"Accueil","item":"https:\/\/c-go.org\/en\/"},{"@type":"ListItem","position":2,"name":"Useful links","item":"https:\/\/c-go.org\/en\/useful-links\/"},{"@type":"ListItem","position":3,"name":"Archives | infolettre"}]},{"@type":"WebSite","@id":"https:\/\/c-go.org\/#website","url":"https:\/\/c-go.org\/","name":"Communaut\u00e9s Gatineau Ouest","description":"","potentialAction":[{"@type":"SearchAction","target":{"@type":"EntryPoint","urlTemplate":"https:\/\/c-go.org\/?s={search_term_string}"},"query-input":{"@type":"PropertyValueSpecification","valueRequired":true,"valueName":"search_term_string"}}],"inLanguage":"en-US"}]}},"_links":{"self":[{"href":"https:\/\/c-go.org\/en\/wp-json\/wp\/v2\/pages\/1079","targetHints":{"allow":["GET"]}}],"collection":[{"href":"https:\/\/c-go.org\/en\/wp-json\/wp\/v2\/pages"}],"about":[{"href":"https:\/\/c-go.org\/en\/wp-json\/wp\/v2\/types\/page"}],"author":[{"embeddable":true,"href":"https:\/\/c-go.org\/en\/wp-json\/wp\/v2\/users\/4"}],"replies":[{"embeddable":true,"href":"https:\/\/c-go.org\/en\/wp-json\/wp\/v2\/comments?post=1079"}],"version-history":[{"count":9,"href":"https:\/\/c-go.org\/en\/wp-json\/wp\/v2\/pages\/1079\/revisions"}],"predecessor-version":[{"id":1616,"href":"https:\/\/c-go.org\/en\/wp-json\/wp\/v2\/pages\/1079\/revisions\/1616"}],"up":[{"embeddable":true,"href":"https:\/\/c-go.org\/en\/wp-json\/wp\/v2\/pages\/396"}],"wp:attachment":[{"href":"https:\/\/c-go.org\/en\/wp-json\/wp\/v2\/media?parent=1079"}],"curies":[{"name":"wp","href":"https:\/\/api.w.org\/{rel}","templated":true}]}}