{"id":1180,"date":"2020-07-21T22:53:14","date_gmt":"2020-07-22T02:53:14","guid":{"rendered":"http:\/\/c-go.org\/useful-links\/transition-scolaire\/"},"modified":"2020-10-06T14:50:47","modified_gmt":"2020-10-06T18:50:47","slug":"transition-scolaire","status":"publish","type":"page","link":"https:\/\/c-go.org\/en\/useful-links\/transition-scolaire\/","title":{"rendered":"Transition Scolaire"},"content":{"rendered":"<div class=\"wpb-content-wrapper\"><p>[vc_row type=&#8221;full_width&#8221;][vc_column][vc_column_text]<\/p>\n<h2 style=\"text-align: center;\">Plaisirs partag\u00e9s<\/h2>\n<p>[\/vc_column_text][vc_empty_space][\/vc_column][vc_column][vc_column_text]<\/p>\n<h5>Au printemps 2020 dans le cadre du comit\u00e9 D\u00e9veloppement global du jeune enfant ; 5 partenaires ont form\u00e9 un sous-comit\u00e9 Transition scolaire. Le projet PLAISIRS PARTAG\u00c9S vise \u00e0 outiller et soutenir les familles dont un enfant entrera au pr\u00e9scolaire en septembre prochain.<\/h5>\n<h5>Le projet comporte 4 volets :<\/h5>\n<ul>\n<li>\n<h5>Trousses \u00e9ducatives (+ de 250 trousses remises par le biais des \u00e9coles primaires du territoire) ;<\/h5>\n<\/li>\n<li>\n<h5>Capsules virtuelles (pr\u00e9sentation du projet, langage, d\u00e9veloppement psychomoteur, plaisir de bouger, transition scolaire et habilet\u00e9s sociales);<\/h5>\n<\/li>\n<li>\n<h5>Causeries-virtuelles th\u00e9matiques (\u00e0 venir) ;<\/h5>\n<\/li>\n<li>\n<h5>Soutien t\u00e9l\u00e9phonique pour les familles n&#8217;ayant pas acc\u00e8s \u00e0 un ordinateur ou un r\u00e9seau Internet.<\/h5>\n<\/li>\n<\/ul>\n<h5>Projet concert\u00e9 incluant des partenaires du cGO (Centre de services scolaire Des Draveurs, du CISSS de l&#8217;Outaouais, Charlotte en Action et le Jardin des C).<\/h5>\n<h5 style=\"text-align: center;\">Partenaires financiers :<br \/>\n* Avenir d&#8217;enfants<br \/>\n* Table \u00c9ducation Outaouais (TEO)<br \/>\n* Gouvernement du Qu\u00e9bec<\/h5>\n<p>[\/vc_column_text][\/vc_column][\/vc_row][vc_row type=&#8221;full_width&#8221;][vc_column][vc_empty_space][\/vc_column][\/vc_row][vc_row type=&#8221;full_width&#8221;][vc_column width=&#8221;1\/3&#8243;][vc_column_text]<\/p>\n<h3 style=\"text-align: center;\">Plaisirs Partag\u00e9s<\/h3>\n<h4 style=\"text-align: center;\">Sylvie Racine<\/h4>\n<p>[\/vc_column_text][vc_video link=&#8221;https:\/\/youtu.be\/HFFiUonhaHY&#8221;][\/vc_column][vc_column width=&#8221;1\/3&#8243;][vc_column_text]<\/p>\n<h3 style=\"text-align: center;\">La transition \u00e0 l&#8217;\u00e9cole, une histoire de famille<\/h3>\n<h4 style=\"text-align: center;\">Karina Marcotte<\/h4>\n<p>[\/vc_column_text][vc_video link=&#8221;https:\/\/youtu.be\/idO6sCYUimQ&#8221;][\/vc_column][vc_column width=&#8221;1\/3&#8243;][vc_column_text]<\/p>\n<h3 style=\"text-align: center;\">Le plaisir de bouger en famille<\/h3>\n<h4 style=\"text-align: center;\">Karima Djellouli<\/h4>\n<p>[\/vc_column_text][vc_video link=&#8221;https:\/\/youtu.be\/dr4vp3x2Qrs&#8221;][\/vc_column][\/vc_row][vc_row type=&#8221;full_width&#8221;][vc_column][vc_empty_space][\/vc_column][\/vc_row][vc_row type=&#8221;full_width&#8221;][vc_column width=&#8221;1\/3&#8243;][vc_column_text]<\/p>\n<h3 style=\"text-align: center;\">Le langage au c\u0153ur de la trousse | Livres<\/h3>\n<h4 style=\"text-align: center;\">Chantal Normand | Jardin des C<\/h4>\n<p>[\/vc_column_text][vc_video link=&#8221;https:\/\/youtu.be\/TZGnAVrN9Pg&#8221;][\/vc_column][vc_column width=&#8221;1\/3&#8243;][vc_column_text]<\/p>\n<h3 style=\"text-align: center;\">Le langage au c\u0153ur de la trousse | Comptine<\/h3>\n<h4 style=\"text-align: center;\">Chantal Normand | Jardin des C<\/h4>\n<p>[\/vc_column_text][vc_video link=&#8221;https:\/\/youtu.be\/et6Wz10UyDQ&#8221;][\/vc_column][vc_column width=&#8221;1\/3&#8243;][vc_column_text]<\/p>\n<h3 style=\"text-align: center;\">La langage au c\u0153ur de la trousse | Bricolage<\/h3>\n<h4 style=\"text-align: center;\">Chantal Normand | Jardin des C<\/h4>\n<p>[\/vc_column_text][vc_video link=&#8221;https:\/\/youtu.be\/-XBnV50ITjY&#8221;][\/vc_column][\/vc_row][vc_row type=&#8221;full_width&#8221;][vc_column][vc_empty_space][\/vc_column][\/vc_row][vc_row type=&#8221;full_width&#8221;][vc_column width=&#8221;1\/3&#8243;][vc_column_text]<\/p>\n<h3 style=\"text-align: center;\">Langage et Plaisir<\/h3>\n<h4 style=\"text-align: center;\">Chantal Normand | Jardin des C<\/h4>\n<p>[\/vc_column_text][vc_video link=&#8221;https:\/\/youtu.be\/xaDccRo-QUo&#8221;][\/vc_column][vc_column width=&#8221;1\/3&#8243;][vc_column_text]<\/p>\n<h3 style=\"text-align: center;\">Le langage au c\u0153ur de la trousse | Cherche et trouve<\/h3>\n<h4 style=\"text-align: center;\">Chantal Normand | Jardin des C<\/h4>\n<p>[\/vc_column_text][vc_video link=&#8221;https:\/\/youtu.be\/wYrRN6VrQLk&#8221;][\/vc_column][vc_column width=&#8221;1\/3&#8243;][vc_column_text]<\/p>\n<h3 style=\"text-align: center;\">L&#8217;apprentissage des mouvements par le braingym<\/h3>\n<h4 style=\"text-align: center;\">\u00c9dith Boulet | Charlotte en Action<\/h4>\n<p>[\/vc_column_text][vc_video link=&#8221;https:\/\/youtu.be\/gZkyJFUE40E&#8221;][\/vc_column][\/vc_row][vc_row type=&#8221;full_width&#8221;][vc_column][vc_empty_space][\/vc_column][\/vc_row][vc_row type=&#8221;full_width&#8221;][vc_column width=&#8221;1\/3&#8243;][vc_column_text]<\/p>\n<h3 style=\"text-align: center;\">Le langage au c\u0153ur de la trousse<\/h3>\n<h4 style=\"text-align: center;\">Chantal Normand | Jardin des C<\/h4>\n<p>[\/vc_column_text][vc_video link=&#8221;https:\/\/youtu.be\/mYKC0jTRqKU&#8221;][\/vc_column][vc_column width=&#8221;1\/3&#8243;][vc_column_text]<\/p>\n<h3 style=\"text-align: center;\">La famille des hiboux<\/h3>\n<h4 style=\"text-align: center;\">Chantal Normand | Jardin des C<\/h4>\n<p>[\/vc_column_text][vc_video link=&#8221;https:\/\/youtu.be\/cpRE0dHugIs&#8221;][\/vc_column][vc_column width=&#8221;1\/3&#8243;][vc_column_text]<\/p>\n<h3 style=\"text-align: center;\">Comment aider mon enfant \u00e0 g\u00e9rer ses \u00e9motions ?<br \/>\nPartie 1<\/h3>\n<h4 style=\"text-align: center;\">Karina Marcotte<\/h4>\n<p>[\/vc_column_text][vc_video link=&#8221;https:\/\/youtu.be\/fBJA3qtBqSk&#8221;][\/vc_column][\/vc_row][vc_row type=&#8221;full_width&#8221;][vc_column width=&#8221;1\/3&#8243;][vc_column_text]<\/p>\n<h3 style=\"text-align: center;\">Comment aider mon enfant \u00e0 g\u00e9rer ses \u00e9motions ?<br \/>\nPartie 2<\/h3>\n<h4 style=\"text-align: center;\">Karina Marcotte<\/h4>\n<p>[\/vc_column_text][vc_video link=&#8221;https:\/\/youtu.be\/B2bLBl3Bo50&#8243;][\/vc_column][\/vc_row][vc_row type=&#8221;full_width&#8221;][vc_column][vc_empty_space][\/vc_column][\/vc_row][vc_row type=&#8221;full_width&#8221;][vc_column width=&#8221;1\/3&#8243;][vc_column_text]<\/p>\n<h3 style=\"text-align: center;\">Transition vers le pr\u00e9scolaire<\/h3>\n<h4 style=\"text-align: center;\">Capsule produite par nos partenaires r\u00e9gionaux<\/h4>\n<p>[\/vc_column_text][vc_video link=&#8221;https:\/\/youtu.be\/UDzCpWAaN3M&#8221;][\/vc_column][vc_column width=&#8221;1\/3&#8243;][\/vc_column][vc_column width=&#8221;1\/3&#8243;][\/vc_column][\/vc_row][vc_row type=&#8221;full_width&#8221;][vc_column][vc_empty_space][\/vc_column][\/vc_row][vc_row type=&#8221;full_width&#8221;][vc_column][vc_column_text]<\/p>\n<h2 style=\"text-align: center;\">Outils<\/h2>\n<p>[\/vc_column_text][\/vc_column][\/vc_row][vc_row type=&#8221;full_width&#8221;][vc_column width=&#8221;1\/3&#8243;][vc_column_text]<\/p>\n<h5 style=\"text-align: center;\">La trousse pour l&#8217;entr\u00e9e \u00e0 l&#8217;\u00e9cole.<\/h5>\n<h5 style=\"text-align: center;\">\u00ab Ayez du plaisir \u00e0 d\u00e9couvrir son contenu avec votre enfant, beaucoup de surprises vous attendent&#8230;\u00bb <a href=\"https:\/\/c-go.org\/wp-content\/uploads\/2020\/08\/Lettre_trousses-1.pdf\">cliquez ici<\/a><\/h5>\n<p>[\/vc_column_text][\/vc_column][vc_column width=&#8221;1\/3&#8243;][vc_column_text]<\/p>\n<h5 style=\"text-align: center;\">Des napperons \u00c9L\u00c9<\/h5>\n<p style=\"text-align: center;\"><a href=\"https:\/\/c-go.org\/wp-content\/uploads\/2020\/08\/napperonELE-A.pdf\"><img loading=\"lazy\" decoding=\"async\" class=\"alignnone size-medium wp-image-1496\" src=\"https:\/\/c-go.org\/wp-content\/uploads\/2020\/08\/bouton-t\u00e9l\u00e9charger-png-3-300x85.png\" alt=\"\" width=\"300\" height=\"85\" srcset=\"https:\/\/c-go.org\/wp-content\/uploads\/2020\/08\/bouton-t\u00e9l\u00e9charger-png-3-300x85.png 300w, https:\/\/c-go.org\/wp-content\/uploads\/2020\/08\/bouton-t\u00e9l\u00e9charger-png-3-1024x291.png 1024w, https:\/\/c-go.org\/wp-content\/uploads\/2020\/08\/bouton-t\u00e9l\u00e9charger-png-3-768x218.png 768w, https:\/\/c-go.org\/wp-content\/uploads\/2020\/08\/bouton-t\u00e9l\u00e9charger-png-3-1536x437.png 1536w, https:\/\/c-go.org\/wp-content\/uploads\/2020\/08\/bouton-t\u00e9l\u00e9charger-png-3-2048x582.png 2048w\" sizes=\"auto, (max-width: 300px) 100vw, 300px\" \/><\/a><a href=\"https:\/\/c-go.org\/wp-content\/uploads\/2020\/08\/napperonELE-2016.pdf\"><img loading=\"lazy\" decoding=\"async\" class=\"size-medium wp-image-1496 aligncenter\" src=\"https:\/\/c-go.org\/wp-content\/uploads\/2020\/08\/bouton-t\u00e9l\u00e9charger-png-3-300x85.png\" alt=\"\" width=\"300\" height=\"85\" srcset=\"https:\/\/c-go.org\/wp-content\/uploads\/2020\/08\/bouton-t\u00e9l\u00e9charger-png-3-300x85.png 300w, https:\/\/c-go.org\/wp-content\/uploads\/2020\/08\/bouton-t\u00e9l\u00e9charger-png-3-1024x291.png 1024w, https:\/\/c-go.org\/wp-content\/uploads\/2020\/08\/bouton-t\u00e9l\u00e9charger-png-3-768x218.png 768w, https:\/\/c-go.org\/wp-content\/uploads\/2020\/08\/bouton-t\u00e9l\u00e9charger-png-3-1536x437.png 1536w, https:\/\/c-go.org\/wp-content\/uploads\/2020\/08\/bouton-t\u00e9l\u00e9charger-png-3-2048x582.png 2048w\" sizes=\"auto, (max-width: 300px) 100vw, 300px\" \/><\/a><\/p>\n<p>[\/vc_column_text][\/vc_column][vc_column width=&#8221;1\/3&#8243;][\/vc_column][\/vc_row]<\/p>\n<\/div>","protected":false},"excerpt":{"rendered":"<p>[vc_row type=&#8221;full_width&#8221;][vc_column][vc_column_text] Plaisirs partag\u00e9s [\/vc_column_text][vc_empty_space][\/vc_column][vc_column][vc_column_text] Au printemps 2020 dans le cadre du comit\u00e9 D\u00e9veloppement global du jeune enfant ; 5 partenaires ont form\u00e9 un sous-comit\u00e9 Transition scolaire. Le projet PLAISIRS PARTAG\u00c9S vise \u00e0 outiller et soutenir les familles dont un enfant entrera au pr\u00e9scolaire en septembre prochain. Le projet comporte 4 volets : Trousses \u00e9ducatives [&hellip;]<\/p>\n","protected":false},"author":4,"featured_media":0,"parent":396,"menu_order":0,"comment_status":"closed","ping_status":"closed","template":"","meta":{"_acf_changed":false,"content-type":"","footnotes":""},"class_list":["post-1180","page","type-page","status-publish","hentry"],"acf":[],"yoast_head":"<!-- This site is optimized with the Yoast SEO plugin v27.3 - https:\/\/yoast.com\/product\/yoast-seo-wordpress\/ -->\n<title>Transition Scolaire &#8212; Communaut\u00e9s Gatineau Ouest<\/title>\n<meta name=\"robots\" content=\"index, follow, max-snippet:-1, max-image-preview:large, max-video-preview:-1\" \/>\n<link rel=\"canonical\" href=\"https:\/\/c-go.org\/en\/useful-links\/transition-scolaire\/\" \/>\n<meta property=\"og:locale\" content=\"en_US\" \/>\n<meta property=\"og:type\" content=\"article\" \/>\n<meta property=\"og:title\" content=\"Transition Scolaire &#8212; Communaut\u00e9s Gatineau Ouest\" \/>\n<meta property=\"og:description\" content=\"[vc_row type=&#8221;full_width&#8221;][vc_column][vc_column_text] Plaisirs partag\u00e9s [\/vc_column_text][vc_empty_space][\/vc_column][vc_column][vc_column_text] Au printemps 2020 dans le cadre du comit\u00e9 D\u00e9veloppement global du jeune enfant ; 5 partenaires ont form\u00e9 un sous-comit\u00e9 Transition scolaire. Le projet PLAISIRS PARTAG\u00c9S vise \u00e0 outiller et soutenir les familles dont un enfant entrera au pr\u00e9scolaire en septembre prochain. Le projet comporte 4 volets : Trousses \u00e9ducatives [&hellip;]\" \/>\n<meta property=\"og:url\" content=\"https:\/\/c-go.org\/en\/useful-links\/transition-scolaire\/\" \/>\n<meta property=\"og:site_name\" content=\"Communaut\u00e9s Gatineau Ouest\" \/>\n<meta property=\"article:publisher\" content=\"https:\/\/www.facebook.com\/communautes.gatineauouest\" \/>\n<meta property=\"article:modified_time\" content=\"2020-10-06T18:50:47+00:00\" \/>\n<meta property=\"og:image\" content=\"https:\/\/c-go.org\/wp-content\/uploads\/2020\/08\/bouton-t\u00e9l\u00e9charger-png-3-300x85.png\" \/>\n<meta name=\"twitter:card\" content=\"summary_large_image\" \/>\n<meta name=\"twitter:label1\" content=\"Est. reading time\" \/>\n\t<meta name=\"twitter:data1\" content=\"4 minutes\" \/>\n<script type=\"application\/ld+json\" class=\"yoast-schema-graph\">{\"@context\":\"https:\\\/\\\/schema.org\",\"@graph\":[{\"@type\":\"WebPage\",\"@id\":\"https:\\\/\\\/c-go.org\\\/en\\\/useful-links\\\/transition-scolaire\\\/\",\"url\":\"https:\\\/\\\/c-go.org\\\/en\\\/useful-links\\\/transition-scolaire\\\/\",\"name\":\"Transition Scolaire &#8212; Communaut\u00e9s Gatineau Ouest\",\"isPartOf\":{\"@id\":\"https:\\\/\\\/c-go.org\\\/#website\"},\"datePublished\":\"2020-07-22T02:53:14+00:00\",\"dateModified\":\"2020-10-06T18:50:47+00:00\",\"breadcrumb\":{\"@id\":\"https:\\\/\\\/c-go.org\\\/en\\\/useful-links\\\/transition-scolaire\\\/#breadcrumb\"},\"inLanguage\":\"en-US\",\"potentialAction\":[{\"@type\":\"ReadAction\",\"target\":[\"https:\\\/\\\/c-go.org\\\/en\\\/useful-links\\\/transition-scolaire\\\/\"]}]},{\"@type\":\"BreadcrumbList\",\"@id\":\"https:\\\/\\\/c-go.org\\\/en\\\/useful-links\\\/transition-scolaire\\\/#breadcrumb\",\"itemListElement\":[{\"@type\":\"ListItem\",\"position\":1,\"name\":\"Accueil\",\"item\":\"https:\\\/\\\/c-go.org\\\/en\\\/\"},{\"@type\":\"ListItem\",\"position\":2,\"name\":\"Useful links\",\"item\":\"https:\\\/\\\/c-go.org\\\/en\\\/useful-links\\\/\"},{\"@type\":\"ListItem\",\"position\":3,\"name\":\"Transition Scolaire\"}]},{\"@type\":\"WebSite\",\"@id\":\"https:\\\/\\\/c-go.org\\\/#website\",\"url\":\"https:\\\/\\\/c-go.org\\\/\",\"name\":\"Communaut\u00e9s Gatineau Ouest\",\"description\":\"\",\"potentialAction\":[{\"@type\":\"SearchAction\",\"target\":{\"@type\":\"EntryPoint\",\"urlTemplate\":\"https:\\\/\\\/c-go.org\\\/?s={search_term_string}\"},\"query-input\":{\"@type\":\"PropertyValueSpecification\",\"valueRequired\":true,\"valueName\":\"search_term_string\"}}],\"inLanguage\":\"en-US\"}]}<\/script>\n<!-- \/ Yoast SEO plugin. -->","yoast_head_json":{"title":"Transition Scolaire &#8212; Communaut\u00e9s Gatineau Ouest","robots":{"index":"index","follow":"follow","max-snippet":"max-snippet:-1","max-image-preview":"max-image-preview:large","max-video-preview":"max-video-preview:-1"},"canonical":"https:\/\/c-go.org\/en\/useful-links\/transition-scolaire\/","og_locale":"en_US","og_type":"article","og_title":"Transition Scolaire &#8212; Communaut\u00e9s Gatineau Ouest","og_description":"[vc_row type=&#8221;full_width&#8221;][vc_column][vc_column_text] Plaisirs partag\u00e9s [\/vc_column_text][vc_empty_space][\/vc_column][vc_column][vc_column_text] Au printemps 2020 dans le cadre du comit\u00e9 D\u00e9veloppement global du jeune enfant ; 5 partenaires ont form\u00e9 un sous-comit\u00e9 Transition scolaire. Le projet PLAISIRS PARTAG\u00c9S vise \u00e0 outiller et soutenir les familles dont un enfant entrera au pr\u00e9scolaire en septembre prochain. Le projet comporte 4 volets : Trousses \u00e9ducatives [&hellip;]","og_url":"https:\/\/c-go.org\/en\/useful-links\/transition-scolaire\/","og_site_name":"Communaut\u00e9s Gatineau Ouest","article_publisher":"https:\/\/www.facebook.com\/communautes.gatineauouest","article_modified_time":"2020-10-06T18:50:47+00:00","og_image":[{"url":"https:\/\/c-go.org\/wp-content\/uploads\/2020\/08\/bouton-t\u00e9l\u00e9charger-png-3-300x85.png","type":"","width":"","height":""}],"twitter_card":"summary_large_image","twitter_misc":{"Est. reading time":"4 minutes"},"schema":{"@context":"https:\/\/schema.org","@graph":[{"@type":"WebPage","@id":"https:\/\/c-go.org\/en\/useful-links\/transition-scolaire\/","url":"https:\/\/c-go.org\/en\/useful-links\/transition-scolaire\/","name":"Transition Scolaire &#8212; Communaut\u00e9s Gatineau Ouest","isPartOf":{"@id":"https:\/\/c-go.org\/#website"},"datePublished":"2020-07-22T02:53:14+00:00","dateModified":"2020-10-06T18:50:47+00:00","breadcrumb":{"@id":"https:\/\/c-go.org\/en\/useful-links\/transition-scolaire\/#breadcrumb"},"inLanguage":"en-US","potentialAction":[{"@type":"ReadAction","target":["https:\/\/c-go.org\/en\/useful-links\/transition-scolaire\/"]}]},{"@type":"BreadcrumbList","@id":"https:\/\/c-go.org\/en\/useful-links\/transition-scolaire\/#breadcrumb","itemListElement":[{"@type":"ListItem","position":1,"name":"Accueil","item":"https:\/\/c-go.org\/en\/"},{"@type":"ListItem","position":2,"name":"Useful links","item":"https:\/\/c-go.org\/en\/useful-links\/"},{"@type":"ListItem","position":3,"name":"Transition Scolaire"}]},{"@type":"WebSite","@id":"https:\/\/c-go.org\/#website","url":"https:\/\/c-go.org\/","name":"Communaut\u00e9s Gatineau Ouest","description":"","potentialAction":[{"@type":"SearchAction","target":{"@type":"EntryPoint","urlTemplate":"https:\/\/c-go.org\/?s={search_term_string}"},"query-input":{"@type":"PropertyValueSpecification","valueRequired":true,"valueName":"search_term_string"}}],"inLanguage":"en-US"}]}},"_links":{"self":[{"href":"https:\/\/c-go.org\/en\/wp-json\/wp\/v2\/pages\/1180","targetHints":{"allow":["GET"]}}],"collection":[{"href":"https:\/\/c-go.org\/en\/wp-json\/wp\/v2\/pages"}],"about":[{"href":"https:\/\/c-go.org\/en\/wp-json\/wp\/v2\/types\/page"}],"author":[{"embeddable":true,"href":"https:\/\/c-go.org\/en\/wp-json\/wp\/v2\/users\/4"}],"replies":[{"embeddable":true,"href":"https:\/\/c-go.org\/en\/wp-json\/wp\/v2\/comments?post=1180"}],"version-history":[{"count":26,"href":"https:\/\/c-go.org\/en\/wp-json\/wp\/v2\/pages\/1180\/revisions"}],"predecessor-version":[{"id":1614,"href":"https:\/\/c-go.org\/en\/wp-json\/wp\/v2\/pages\/1180\/revisions\/1614"}],"up":[{"embeddable":true,"href":"https:\/\/c-go.org\/en\/wp-json\/wp\/v2\/pages\/396"}],"wp:attachment":[{"href":"https:\/\/c-go.org\/en\/wp-json\/wp\/v2\/media?parent=1180"}],"curies":[{"name":"wp","href":"https:\/\/api.w.org\/{rel}","templated":true}]}}