{"id":336,"date":"2020-03-02T11:11:17","date_gmt":"2020-03-02T16:11:17","guid":{"rendered":"http:\/\/c-go.org\/sample-page\/"},"modified":"2020-03-11T11:42:49","modified_gmt":"2020-03-11T15:42:49","slug":"sample-page","status":"publish","type":"page","link":"https:\/\/c-go.org\/en\/","title":{"rendered":"Home"},"content":{"rendered":"<div class=\"wpb-content-wrapper\"><p>[vc_row type=&#8221;in_grid&#8221; el_class=&#8221;accueil-header&#8221; css=&#8221;.vc_custom_1583243634781{background-image: url(http:\/\/c-go.org\/wp-content\/uploads\/2020\/03\/accueil-header-bg.png?id=76) !important;background-position: center !important;background-repeat: no-repeat !important;background-size: cover !important;}&#8221;][vc_column]\t\t<div class=\"wpb_text_column wpb_content_element dist_title_element  \">\r\n\t\t\t<h1>Communaut\u00e9s gatineau ouest.<\/h1>\r\n\t\t<\/div>\r\n\t\t[vc_column_text]A round table of community stakeholders that supports the development of supportive communities.[\/vc_column_text]<a href=\"\/en\/about-us\/\" target=\"_self\" class=\"dist-btn\">Learn more<\/a>[\/vc_column][\/vc_row][vc_row type=&#8221;in_grid&#8221; el_class=&#8221;box-row&#8221;][vc_column width=&#8221;1\/3&#8243; el_class=&#8221;box-column&#8221;][vc_single_image image=&#8221;298&#8243; img_size=&#8221;full&#8221; alignment=&#8221;center&#8221;][vc_column_text el_class=&#8221;box-title&#8221;]Our mission.[\/vc_column_text][vc_column_text]Communaut\u00e9s Gatineau Ouest (CGO), a round table of community stakeholders that supports the development of supportive communities.[\/vc_column_text][\/vc_column][vc_column width=&#8221;1\/3&#8243; el_class=&#8221;box-column&#8221;][vc_single_image image=&#8221;299&#8243; img_size=&#8221;full&#8221; alignment=&#8221;center&#8221;][vc_column_text el_class=&#8221;box-title&#8221;]Our objectives.[\/vc_column_text][vc_column_text]<\/p>\n<ol>\n<li>Fostering the commitment of community stakeholders.<\/li>\n<li>Encourage, support or carry out joint actions to improve the quality of life according to a territorial approach.<\/li>\n<li>To be a catalyst for citizen participation.<\/li>\n<\/ol>\n<p>[\/vc_column_text][\/vc_column][vc_column width=&#8221;1\/3&#8243; el_class=&#8221;box-column&#8221;][vc_single_image image=&#8221;300&#8243; img_size=&#8221;full&#8221; alignment=&#8221;center&#8221;][vc_column_text el_class=&#8221;box-title&#8221;]Our vision.[\/vc_column_text][vc_column_text]Dynamic and mobilized for the quality of life of citizens.[\/vc_column_text][\/vc_column][\/vc_row][vc_row type=&#8221;in_grid&#8221; el_class=&#8221;accueil-nouvelles-row&#8221;][vc_column]\t\t<div class=\"wpb_text_column wpb_content_element dist_title_element  \">\r\n\t\t\t<h2>News.<\/h2>\r\n\t\t<\/div>\r\n\t\t<div class=\"dist-shortcode-container wpb_content_element\">        <div class=\"accueil-nouvelles\">\n            <div class=\"accueil-nouvelles-inner\">\n            \t<div class=\"accueil-premier-nouvelle accueil-nouv-mh\">\n                                    <article class=\"post-1893 post type-post status-publish format-standard hentry category-uncategorized\">\n\t\t\t\t<div class=\"post-info\">\n\t\t\t\t\t        <a href=\"https:\/\/c-go.org\/en\/2022\/06\/14\/1888\/\" class=\"nouvelles-title\">Une nouvelle ann\u00e9e pour le CA du cGO<\/a>\n                            <p class=\"blog-date\">14 June 2022<\/p>\n                            <div class=\"blog-listing-text\">\n\t\t\t\t\t\t\t\tBienvenue aux membres du CA\r\nD'abord, nous aimerions prendre le temps de remercier les membres sortants pour leur collaboration : Madame \u00c9dith Boulet de Charlotte en Action, ainsi que Gabrille...\t\t\t\t\t\t\t<\/div>\n                <\/div>\n\n                    <\/article>\n                                                           \t<\/div>\n                    <div class=\"accueil-nouv-supp accueil-nouv-mh\">\n\n                   \n                                    <article class=\"post-1804 post type-post status-publish format-standard hentry category-uncategorized\">\n\t\t\t\t<div class=\"post-info\">\n\t\t\t\t\t        <a href=\"https:\/\/c-go.org\/en\/2021\/06\/09\/bienvenue-membres-du-conseil-dadministration-du-cgo\/\" class=\"nouvelles-title\">Bienvenue membres du Conseil d&#8217;administration du cGO<\/a>\n                            <p class=\"blog-date\">9 June 2021<\/p>\n                            <div class=\"blog-listing-text\">\n\t\t\t\t\t\t\t\tBienvenue aux membres du CA\r\nNous aimerions souhaiter la bienvenue \u00e0 deux nouveaux membres sur le Conseil d'administration :\r\n\r\n \tPierre Mulvihill, citoyen\r\n\r\n&amp;\r\n\r\n \tCamille Marcotte-Quijada de...\t\t\t\t\t\t\t<\/div>\n                <\/div>\n\n                    <\/article>\n                                        \n                                    <article class=\"post-1781 post type-post status-publish format-standard hentry category-uncategorized\">\n\t\t\t\t<div class=\"post-info\">\n\t\t\t\t\t        <a href=\"https:\/\/c-go.org\/en\/2021\/02\/12\/plaisirs-partages-au-coeur-de-la-transition-scolaire\/\" class=\"nouvelles-title\">&#8221; Plaisirs Partag\u00e9s&#8221; au c\u0153ur de la transition scolaire<\/a>\n                            <p class=\"blog-date\">12 February 2021<\/p>\n                            <div class=\"blog-listing-text\">\n\t\t\t\t\t\t\t\t\r\nLe sous-comit\u00e9 Transition Scolaire a cr\u00e9\u00e9 pour vous une s\u00e9rie de capsule vid\u00e9o mettant en lumi\u00e8re :\r\n\r\n \t\r\nla pr\u00e9sentation du projet langage\r\n\r\n \t\r\nd\u00e9veloppement psychomoteur\r\n\r\n \t\r\nle plaisir de...\t\t\t\t\t\t\t<\/div>\n                <\/div>\n\n                    <\/article>\n                                        \n                                    <article class=\"post-1719 post type-post status-publish format-standard hentry category-uncategorized\">\n\t\t\t\t<div class=\"post-info\">\n\t\t\t\t\t        <a href=\"https:\/\/c-go.org\/en\/2021\/02\/01\/bougez-en-famille-pendant-3-semaines-caf\/\" class=\"nouvelles-title\">Bougez en famille pendant 3 semaines | CAF<\/a>\n                            <p class=\"blog-date\">1 February 2021<\/p>\n                            <div class=\"blog-listing-text\">\n\t\t\t\t\t\t\t\t\r\nPOUR CONNA\u00ceTRE LES ACTIVIT\u00c9S CLIQUER SUR LES LIENS CI-BAS\r\nhttps:\/\/c-go.org\/activites\/bouger-en-famille-25-janvier-2021\/\r\n\r\nhttps:\/\/c-go.org\/activites\/bouger-en-famille-1er-fevrier-2021\/\r\n\r\n|...\t\t\t\t\t\t\t<\/div>\n                <\/div>\n\n                    <\/article>\n                                        \n                \n            \n            <\/div>\n            <\/div>\n        <\/div>\n    <\/div>[\/vc_column][\/vc_row][vc_row type=&#8221;in_grid&#8221; css=&#8221;.vc_custom_1583528999215{background-image: url(http:\/\/c-go.org\/wp-content\/uploads\/2020\/03\/Accueil_Footer.png?id=272) !important;background-position: center !important;background-repeat: no-repeat !important;background-size: cover !important;}&#8221; el_class=&#8221;activites-row&#8221;][vc_column]<div class=\"dist-shortcode-container wpb_content_element\"><\/div>[\/vc_column][\/vc_row]<\/p>\n<\/div>","protected":false},"excerpt":{"rendered":"<p>[vc_row type=&#8221;in_grid&#8221; el_class=&#8221;accueil-header&#8221; css=&#8221;.vc_custom_1583243634781{background-image: url(http:\/\/c-go.org\/wp-content\/uploads\/2020\/03\/accueil-header-bg.png?id=76) !important;background-position: center !important;background-repeat: no-repeat !important;background-size: cover !important;}&#8221;][vc_column][vc_column_text]A round table of community stakeholders that supports the development of supportive communities.[\/vc_column_text][\/vc_column][\/vc_row][vc_row type=&#8221;in_grid&#8221; el_class=&#8221;box-row&#8221;][vc_column width=&#8221;1\/3&#8243; el_class=&#8221;box-column&#8221;][vc_single_image image=&#8221;298&#8243; img_size=&#8221;full&#8221; alignment=&#8221;center&#8221;][vc_column_text el_class=&#8221;box-title&#8221;]Our mission.[\/vc_column_text][vc_column_text]Communaut\u00e9s Gatineau Ouest (CGO), a round table of community stakeholders that supports the development of supportive communities.[\/vc_column_text][\/vc_column][vc_column width=&#8221;1\/3&#8243; el_class=&#8221;box-column&#8221;][vc_single_image image=&#8221;299&#8243; img_size=&#8221;full&#8221; alignment=&#8221;center&#8221;][vc_column_text el_class=&#8221;box-title&#8221;]Our [&hellip;]<\/p>\n","protected":false},"author":1,"featured_media":0,"parent":0,"menu_order":0,"comment_status":"closed","ping_status":"closed","template":"","meta":{"_acf_changed":false,"content-type":"","footnotes":""},"class_list":["post-336","page","type-page","status-publish","hentry"],"acf":[],"yoast_head":"<!-- This site is optimized with the Yoast SEO plugin v27.2 - https:\/\/yoast.com\/product\/yoast-seo-wordpress\/ -->\n<title>Home &#8212; Communaut\u00e9s Gatineau Ouest<\/title>\n<meta name=\"robots\" content=\"index, follow, max-snippet:-1, max-image-preview:large, max-video-preview:-1\" \/>\n<link rel=\"canonical\" href=\"https:\/\/c-go.org\/en\/\" \/>\n<meta property=\"og:locale\" content=\"en_US\" \/>\n<meta property=\"og:type\" content=\"article\" \/>\n<meta property=\"og:title\" content=\"Home &#8212; Communaut\u00e9s Gatineau Ouest\" \/>\n<meta property=\"og:description\" content=\"[vc_row type=&#8221;in_grid&#8221; el_class=&#8221;accueil-header&#8221; css=&#8221;.vc_custom_1583243634781{background-image: url(http:\/\/c-go.org\/wp-content\/uploads\/2020\/03\/accueil-header-bg.png?id=76) !important;background-position: center !important;background-repeat: no-repeat !important;background-size: cover !important;}&#8221;][vc_column][vc_column_text]A round table of community stakeholders that supports the development of supportive communities.[\/vc_column_text][\/vc_column][\/vc_row][vc_row type=&#8221;in_grid&#8221; el_class=&#8221;box-row&#8221;][vc_column width=&#8221;1\/3&#8243; el_class=&#8221;box-column&#8221;][vc_single_image image=&#8221;298&#8243; img_size=&#8221;full&#8221; alignment=&#8221;center&#8221;][vc_column_text el_class=&#8221;box-title&#8221;]Our mission.[\/vc_column_text][vc_column_text]Communaut\u00e9s Gatineau Ouest (CGO), a round table of community stakeholders that supports the development of supportive communities.[\/vc_column_text][\/vc_column][vc_column width=&#8221;1\/3&#8243; el_class=&#8221;box-column&#8221;][vc_single_image image=&#8221;299&#8243; img_size=&#8221;full&#8221; alignment=&#8221;center&#8221;][vc_column_text el_class=&#8221;box-title&#8221;]Our [&hellip;]\" \/>\n<meta property=\"og:url\" content=\"https:\/\/c-go.org\/en\/\" \/>\n<meta property=\"og:site_name\" content=\"Communaut\u00e9s Gatineau Ouest\" \/>\n<meta property=\"article:publisher\" content=\"https:\/\/www.facebook.com\/communautes.gatineauouest\" \/>\n<meta property=\"article:modified_time\" content=\"2020-03-11T15:42:49+00:00\" \/>\n<meta name=\"twitter:card\" content=\"summary_large_image\" \/>\n<meta name=\"twitter:label1\" content=\"Est. reading time\" \/>\n\t<meta name=\"twitter:data1\" content=\"2 minutes\" \/>\n<script type=\"application\/ld+json\" class=\"yoast-schema-graph\">{\"@context\":\"https:\/\/schema.org\",\"@graph\":[{\"@type\":\"WebPage\",\"@id\":\"https:\/\/c-go.org\/en\/\",\"url\":\"https:\/\/c-go.org\/en\/\",\"name\":\"Home &#8212; Communaut\u00e9s Gatineau Ouest\",\"isPartOf\":{\"@id\":\"https:\/\/c-go.org\/#website\"},\"datePublished\":\"2020-03-02T16:11:17+00:00\",\"dateModified\":\"2020-03-11T15:42:49+00:00\",\"breadcrumb\":{\"@id\":\"https:\/\/c-go.org\/en\/#breadcrumb\"},\"inLanguage\":\"en-US\",\"potentialAction\":[{\"@type\":\"ReadAction\",\"target\":[\"https:\/\/c-go.org\/en\/\"]}]},{\"@type\":\"BreadcrumbList\",\"@id\":\"https:\/\/c-go.org\/en\/#breadcrumb\",\"itemListElement\":[{\"@type\":\"ListItem\",\"position\":1,\"name\":\"Accueil\",\"item\":\"https:\/\/c-go.org\/en\/\"},{\"@type\":\"ListItem\",\"position\":2,\"name\":\"Home\"}]},{\"@type\":\"WebSite\",\"@id\":\"https:\/\/c-go.org\/#website\",\"url\":\"https:\/\/c-go.org\/\",\"name\":\"Communaut\u00e9s Gatineau Ouest\",\"description\":\"\",\"potentialAction\":[{\"@type\":\"SearchAction\",\"target\":{\"@type\":\"EntryPoint\",\"urlTemplate\":\"https:\/\/c-go.org\/?s={search_term_string}\"},\"query-input\":{\"@type\":\"PropertyValueSpecification\",\"valueRequired\":true,\"valueName\":\"search_term_string\"}}],\"inLanguage\":\"en-US\"}]}<\/script>\n<!-- \/ Yoast SEO plugin. -->","yoast_head_json":{"title":"Home &#8212; Communaut\u00e9s Gatineau Ouest","robots":{"index":"index","follow":"follow","max-snippet":"max-snippet:-1","max-image-preview":"max-image-preview:large","max-video-preview":"max-video-preview:-1"},"canonical":"https:\/\/c-go.org\/en\/","og_locale":"en_US","og_type":"article","og_title":"Home &#8212; Communaut\u00e9s Gatineau Ouest","og_description":"[vc_row type=&#8221;in_grid&#8221; el_class=&#8221;accueil-header&#8221; css=&#8221;.vc_custom_1583243634781{background-image: url(http:\/\/c-go.org\/wp-content\/uploads\/2020\/03\/accueil-header-bg.png?id=76) !important;background-position: center !important;background-repeat: no-repeat !important;background-size: cover !important;}&#8221;][vc_column][vc_column_text]A round table of community stakeholders that supports the development of supportive communities.[\/vc_column_text][\/vc_column][\/vc_row][vc_row type=&#8221;in_grid&#8221; el_class=&#8221;box-row&#8221;][vc_column width=&#8221;1\/3&#8243; el_class=&#8221;box-column&#8221;][vc_single_image image=&#8221;298&#8243; img_size=&#8221;full&#8221; alignment=&#8221;center&#8221;][vc_column_text el_class=&#8221;box-title&#8221;]Our mission.[\/vc_column_text][vc_column_text]Communaut\u00e9s Gatineau Ouest (CGO), a round table of community stakeholders that supports the development of supportive communities.[\/vc_column_text][\/vc_column][vc_column width=&#8221;1\/3&#8243; el_class=&#8221;box-column&#8221;][vc_single_image image=&#8221;299&#8243; img_size=&#8221;full&#8221; alignment=&#8221;center&#8221;][vc_column_text el_class=&#8221;box-title&#8221;]Our [&hellip;]","og_url":"https:\/\/c-go.org\/en\/","og_site_name":"Communaut\u00e9s Gatineau Ouest","article_publisher":"https:\/\/www.facebook.com\/communautes.gatineauouest","article_modified_time":"2020-03-11T15:42:49+00:00","twitter_card":"summary_large_image","twitter_misc":{"Est. reading time":"2 minutes"},"schema":{"@context":"https:\/\/schema.org","@graph":[{"@type":"WebPage","@id":"https:\/\/c-go.org\/en\/","url":"https:\/\/c-go.org\/en\/","name":"Home &#8212; Communaut\u00e9s Gatineau Ouest","isPartOf":{"@id":"https:\/\/c-go.org\/#website"},"datePublished":"2020-03-02T16:11:17+00:00","dateModified":"2020-03-11T15:42:49+00:00","breadcrumb":{"@id":"https:\/\/c-go.org\/en\/#breadcrumb"},"inLanguage":"en-US","potentialAction":[{"@type":"ReadAction","target":["https:\/\/c-go.org\/en\/"]}]},{"@type":"BreadcrumbList","@id":"https:\/\/c-go.org\/en\/#breadcrumb","itemListElement":[{"@type":"ListItem","position":1,"name":"Accueil","item":"https:\/\/c-go.org\/en\/"},{"@type":"ListItem","position":2,"name":"Home"}]},{"@type":"WebSite","@id":"https:\/\/c-go.org\/#website","url":"https:\/\/c-go.org\/","name":"Communaut\u00e9s Gatineau Ouest","description":"","potentialAction":[{"@type":"SearchAction","target":{"@type":"EntryPoint","urlTemplate":"https:\/\/c-go.org\/?s={search_term_string}"},"query-input":{"@type":"PropertyValueSpecification","valueRequired":true,"valueName":"search_term_string"}}],"inLanguage":"en-US"}]}},"_links":{"self":[{"href":"https:\/\/c-go.org\/en\/wp-json\/wp\/v2\/pages\/336","targetHints":{"allow":["GET"]}}],"collection":[{"href":"https:\/\/c-go.org\/en\/wp-json\/wp\/v2\/pages"}],"about":[{"href":"https:\/\/c-go.org\/en\/wp-json\/wp\/v2\/types\/page"}],"author":[{"embeddable":true,"href":"https:\/\/c-go.org\/en\/wp-json\/wp\/v2\/users\/1"}],"replies":[{"embeddable":true,"href":"https:\/\/c-go.org\/en\/wp-json\/wp\/v2\/comments?post=336"}],"version-history":[{"count":5,"href":"https:\/\/c-go.org\/en\/wp-json\/wp\/v2\/pages\/336\/revisions"}],"predecessor-version":[{"id":369,"href":"https:\/\/c-go.org\/en\/wp-json\/wp\/v2\/pages\/336\/revisions\/369"}],"wp:attachment":[{"href":"https:\/\/c-go.org\/en\/wp-json\/wp\/v2\/media?parent=336"}],"curies":[{"name":"wp","href":"https:\/\/api.w.org\/{rel}","templated":true}]}}