{"id":371,"date":"2020-03-03T15:13:10","date_gmt":"2020-03-03T20:13:10","guid":{"rendered":"http:\/\/c-go.org\/a-propos-de-nous\/"},"modified":"2020-04-17T15:11:42","modified_gmt":"2020-04-17T19:11:42","slug":"about-us","status":"publish","type":"page","link":"https:\/\/c-go.org\/en\/about-us\/","title":{"rendered":"About us"},"content":{"rendered":"<div class=\"wpb-content-wrapper\"><p>[vc_row type=&#8221;in_grid&#8221; el_class=&#8221;historique-row&#8221;][vc_column][vc_column_text]<\/p>\n<h3>History.<\/h3>\n<p>[\/vc_column_text][vc_column_text]Communaut\u00e9s Gatineau Ouest (cGO) is the result of a partnership between the Comit\u00e9 des partenaires des secteurs Le Baron et Pointe-Gatineau (CPSLBPG) and Grandir En Sant\u00e9 Tous Ensemble (GESTE).<\/p>\n<p>In 2011, two partner committees (Le Baron and Pointe-Gatineau sectors) have joined forces to form a legal entity. The partners&#8217; committees have been in existence since the 1990s and bring together a group of intersectoral partners with the common goal of improving the population&#8217;s living conditions.<\/p>\n<p>The GESTE has been in existence since 2003 and was initially called the Comit\u00e9 d&#8217;action locale (CAL) des Promenades. GESTE was set up to facilitate the deployment of the Qu\u00e9bec en Forme (2003-2016) and Avenir d&#8217;Enfants (2008-2020) programs. It also brought together a group of actors from different sectors (community, school, early childhood, institutional, housing, etc.).<\/p>\n<p>In 2014, the partners of the CPSLBPG and GESTE decided to call upon a consultant from Communagir to assist them in linking the two structures working on the same geographical territory. It should be noted that the support partners (City of Gatineau and CISSS de l&#8217;Outaouais) also contributed to the process. In October 2016, the CPSLBPG and the GESTE are docked and a first board of directors is elected.<\/p>\n<p>Since then, a new common identity has been created (cGO) and the partners have worked hard to create a strategic plan for 2019-2024 that aims to improve the quality of life of citizens.[\/vc_column_text][\/vc_column][\/vc_row][vc_row type=&#8221;in_grid&#8221; el_class=&#8221;padding-50&#8243;][vc_column width=&#8221;1\/3&#8243; el_class=&#8221;box-column&#8221;][vc_single_image image=&#8221;298&#8243; img_size=&#8221;full&#8221; alignment=&#8221;center&#8221;][vc_column_text el_class=&#8221;box-title&#8221;]Our mission.[\/vc_column_text][vc_column_text]Communaut\u00e9s Gatineau Ouest (CGO), a round table of community stakeholders that supports the development of supportive communities.[\/vc_column_text][\/vc_column][vc_column width=&#8221;1\/3&#8243; el_class=&#8221;box-column&#8221;][vc_single_image image=&#8221;299&#8243; img_size=&#8221;full&#8221; alignment=&#8221;center&#8221;][vc_column_text el_class=&#8221;box-title&#8221;]Our objectives.[\/vc_column_text][vc_column_text]<\/p>\n<ol>\n<li>Fostering the commitment of community stakeholders.<\/li>\n<li>Encourage, support or carry out joint actions to improve the quality of life according to a territorial approach.<\/li>\n<li>To be a catalyst for citizen participation.<\/li>\n<\/ol>\n<p>[\/vc_column_text][\/vc_column][vc_column width=&#8221;1\/3&#8243; el_class=&#8221;box-column&#8221;][vc_single_image image=&#8221;300&#8243; img_size=&#8221;full&#8221; alignment=&#8221;center&#8221;][vc_column_text el_class=&#8221;box-title&#8221;]Our vision.[\/vc_column_text][vc_column_text]Dynamic and mobilized for the quality of life of citizens.[\/vc_column_text][\/vc_column][\/vc_row][vc_row type=&#8221;in_grid&#8221; el_class=&#8221;valeur-box-row&#8221;][vc_column el_class=&#8221;box-column&#8221;][vc_single_image image=&#8221;315&#8243; img_size=&#8221;full&#8221; alignment=&#8221;center&#8221;][vc_column_text el_class=&#8221;box-title&#8221;]Our values.[\/vc_column_text][vc_column_text]<\/p>\n<h4>Respect<\/h4>\n<p>[\/vc_column_text][vc_column_text]Guarantees an open dialogue and works in listening to and caring for the population and stakeholders.[\/vc_column_text][vc_column_text]<\/p>\n<h4>Solidarity<\/h4>\n<p>[\/vc_column_text][vc_column_text]Collaborates to achieve common goals through commitment to the organization and the achievement of its mission and recognition of respective roles and mandates.[\/vc_column_text][vc_column_text]<\/p>\n<h4>Participatory democracy<\/h4>\n<p>[\/vc_column_text][vc_column_text]Ensures equitable representation and voice within the organization. Encourages citizen participation towards empowerment in achieving social justice.[\/vc_column_text][\/vc_column][\/vc_row][vc_row type=&#8221;in_grid&#8221; el_class=&#8221;padding-50&#8243;][vc_column width=&#8221;1\/3&#8243; el_class=&#8221;box-column&#8221;][vc_single_image image=&#8221;316&#8243; img_size=&#8221;full&#8221; alignment=&#8221;center&#8221;][vc_column_text el_class=&#8221;box-title&#8221;]Development axes.[\/vc_column_text][vc_column_text]<\/p>\n<ol>\n<li>Welcoming and integration<\/li>\n<li>Comprehensive Early Childhood Development<\/li>\n<li>Living environment<\/li>\n<li>Quality of life<\/li>\n<li>Organizational Development<\/li>\n<\/ol>\n<p>[\/vc_column_text][\/vc_column][vc_column width=&#8221;1\/3&#8243; el_class=&#8221;box-column&#8221;][vc_single_image image=&#8221;317&#8243; img_size=&#8221;full&#8221; alignment=&#8221;center&#8221;][vc_column_text el_class=&#8221;box-title&#8221;]Strategic plan.[\/vc_column_text][vc_column_text]Download our strategic plan for 2019-2024.[\/vc_column_text][vc_column_text el_class=&#8221;box-btn&#8221;]<a class=\"dist-btn type2\" href=\"\/wp-content\/uploads\/2020\/04\/RESUME_Planification-strategique_2019-2024_MODIF_Novembre2019.pdf\" target=\"_blank\" rel=\"noopener noreferrer\">Download<\/a>[\/vc_column_text][\/vc_column][vc_column width=&#8221;1\/3&#8243; el_class=&#8221;box-column&#8221;][vc_single_image image=&#8221;317&#8243; img_size=&#8221;full&#8221; alignment=&#8221;center&#8221;][vc_column_text el_class=&#8221;box-title&#8221;]Annual report.[\/vc_column_text][vc_column_text]Download our annual report for 2019.[\/vc_column_text][vc_column_text el_class=&#8221;box-btn&#8221;]<a class=\"dist-btn type2\" href=\"#\" target=\"_blank\" rel=\"noopener noreferrer\">Download<\/a>[\/vc_column_text][\/vc_column][\/vc_row][vc_row type=&#8221;full_width&#8221; css=&#8221;.vc_custom_1583266868916{background-image: url(http:\/\/c-go.org\/wp-content\/uploads\/2020\/03\/A_Propos_Footer.png?id=135) !important;background-position: center !important;background-repeat: no-repeat !important;background-size: cover !important;}&#8221;][vc_column][vc_empty_space height=&#8221;252px&#8221;][\/vc_column][\/vc_row]<\/p>\n<\/div>","protected":false},"excerpt":{"rendered":"<p>[vc_row type=&#8221;in_grid&#8221; el_class=&#8221;historique-row&#8221;][vc_column][vc_column_text] History. [\/vc_column_text][vc_column_text]Communaut\u00e9s Gatineau Ouest (cGO) is the result of a partnership between the Comit\u00e9 des partenaires des secteurs Le Baron et Pointe-Gatineau (CPSLBPG) and Grandir En Sant\u00e9 Tous Ensemble (GESTE). In 2011, two partner committees (Le Baron and Pointe-Gatineau sectors) have joined forces to form a legal entity. The partners&#8217; committees have [&hellip;]<\/p>\n","protected":false},"author":1,"featured_media":0,"parent":0,"menu_order":0,"comment_status":"closed","ping_status":"closed","template":"","meta":{"_acf_changed":false,"content-type":"","footnotes":""},"class_list":["post-371","page","type-page","status-publish","hentry"],"acf":[],"yoast_head":"<!-- This site is optimized with the Yoast SEO plugin v27.3 - https:\/\/yoast.com\/product\/yoast-seo-wordpress\/ -->\n<title>About us &#8212; Communaut\u00e9s Gatineau Ouest<\/title>\n<meta name=\"robots\" content=\"index, follow, max-snippet:-1, max-image-preview:large, max-video-preview:-1\" \/>\n<link rel=\"canonical\" href=\"https:\/\/c-go.org\/en\/about-us\/\" \/>\n<meta property=\"og:locale\" content=\"en_US\" \/>\n<meta property=\"og:type\" content=\"article\" \/>\n<meta property=\"og:title\" content=\"About us &#8212; Communaut\u00e9s Gatineau Ouest\" \/>\n<meta property=\"og:description\" content=\"[vc_row type=&#8221;in_grid&#8221; el_class=&#8221;historique-row&#8221;][vc_column][vc_column_text] History. [\/vc_column_text][vc_column_text]Communaut\u00e9s Gatineau Ouest (cGO) is the result of a partnership between the Comit\u00e9 des partenaires des secteurs Le Baron et Pointe-Gatineau (CPSLBPG) and Grandir En Sant\u00e9 Tous Ensemble (GESTE). In 2011, two partner committees (Le Baron and Pointe-Gatineau sectors) have joined forces to form a legal entity. The partners&#8217; committees have [&hellip;]\" \/>\n<meta property=\"og:url\" content=\"https:\/\/c-go.org\/en\/about-us\/\" \/>\n<meta property=\"og:site_name\" content=\"Communaut\u00e9s Gatineau Ouest\" \/>\n<meta property=\"article:publisher\" content=\"https:\/\/www.facebook.com\/communautes.gatineauouest\" \/>\n<meta property=\"article:modified_time\" content=\"2020-04-17T19:11:42+00:00\" \/>\n<meta name=\"twitter:card\" content=\"summary_large_image\" \/>\n<meta name=\"twitter:label1\" content=\"Est. reading time\" \/>\n\t<meta name=\"twitter:data1\" content=\"4 minutes\" \/>\n<script type=\"application\/ld+json\" class=\"yoast-schema-graph\">{\"@context\":\"https:\\\/\\\/schema.org\",\"@graph\":[{\"@type\":\"WebPage\",\"@id\":\"https:\\\/\\\/c-go.org\\\/en\\\/about-us\\\/\",\"url\":\"https:\\\/\\\/c-go.org\\\/en\\\/about-us\\\/\",\"name\":\"About us &#8212; Communaut\u00e9s Gatineau Ouest\",\"isPartOf\":{\"@id\":\"https:\\\/\\\/c-go.org\\\/#website\"},\"datePublished\":\"2020-03-03T20:13:10+00:00\",\"dateModified\":\"2020-04-17T19:11:42+00:00\",\"breadcrumb\":{\"@id\":\"https:\\\/\\\/c-go.org\\\/en\\\/about-us\\\/#breadcrumb\"},\"inLanguage\":\"en-US\",\"potentialAction\":[{\"@type\":\"ReadAction\",\"target\":[\"https:\\\/\\\/c-go.org\\\/en\\\/about-us\\\/\"]}]},{\"@type\":\"BreadcrumbList\",\"@id\":\"https:\\\/\\\/c-go.org\\\/en\\\/about-us\\\/#breadcrumb\",\"itemListElement\":[{\"@type\":\"ListItem\",\"position\":1,\"name\":\"Accueil\",\"item\":\"https:\\\/\\\/c-go.org\\\/en\\\/\"},{\"@type\":\"ListItem\",\"position\":2,\"name\":\"About us\"}]},{\"@type\":\"WebSite\",\"@id\":\"https:\\\/\\\/c-go.org\\\/#website\",\"url\":\"https:\\\/\\\/c-go.org\\\/\",\"name\":\"Communaut\u00e9s Gatineau Ouest\",\"description\":\"\",\"potentialAction\":[{\"@type\":\"SearchAction\",\"target\":{\"@type\":\"EntryPoint\",\"urlTemplate\":\"https:\\\/\\\/c-go.org\\\/?s={search_term_string}\"},\"query-input\":{\"@type\":\"PropertyValueSpecification\",\"valueRequired\":true,\"valueName\":\"search_term_string\"}}],\"inLanguage\":\"en-US\"}]}<\/script>\n<!-- \/ Yoast SEO plugin. -->","yoast_head_json":{"title":"About us &#8212; Communaut\u00e9s Gatineau Ouest","robots":{"index":"index","follow":"follow","max-snippet":"max-snippet:-1","max-image-preview":"max-image-preview:large","max-video-preview":"max-video-preview:-1"},"canonical":"https:\/\/c-go.org\/en\/about-us\/","og_locale":"en_US","og_type":"article","og_title":"About us &#8212; Communaut\u00e9s Gatineau Ouest","og_description":"[vc_row type=&#8221;in_grid&#8221; el_class=&#8221;historique-row&#8221;][vc_column][vc_column_text] History. [\/vc_column_text][vc_column_text]Communaut\u00e9s Gatineau Ouest (cGO) is the result of a partnership between the Comit\u00e9 des partenaires des secteurs Le Baron et Pointe-Gatineau (CPSLBPG) and Grandir En Sant\u00e9 Tous Ensemble (GESTE). In 2011, two partner committees (Le Baron and Pointe-Gatineau sectors) have joined forces to form a legal entity. The partners&#8217; committees have [&hellip;]","og_url":"https:\/\/c-go.org\/en\/about-us\/","og_site_name":"Communaut\u00e9s Gatineau Ouest","article_publisher":"https:\/\/www.facebook.com\/communautes.gatineauouest","article_modified_time":"2020-04-17T19:11:42+00:00","twitter_card":"summary_large_image","twitter_misc":{"Est. reading time":"4 minutes"},"schema":{"@context":"https:\/\/schema.org","@graph":[{"@type":"WebPage","@id":"https:\/\/c-go.org\/en\/about-us\/","url":"https:\/\/c-go.org\/en\/about-us\/","name":"About us &#8212; Communaut\u00e9s Gatineau Ouest","isPartOf":{"@id":"https:\/\/c-go.org\/#website"},"datePublished":"2020-03-03T20:13:10+00:00","dateModified":"2020-04-17T19:11:42+00:00","breadcrumb":{"@id":"https:\/\/c-go.org\/en\/about-us\/#breadcrumb"},"inLanguage":"en-US","potentialAction":[{"@type":"ReadAction","target":["https:\/\/c-go.org\/en\/about-us\/"]}]},{"@type":"BreadcrumbList","@id":"https:\/\/c-go.org\/en\/about-us\/#breadcrumb","itemListElement":[{"@type":"ListItem","position":1,"name":"Accueil","item":"https:\/\/c-go.org\/en\/"},{"@type":"ListItem","position":2,"name":"About us"}]},{"@type":"WebSite","@id":"https:\/\/c-go.org\/#website","url":"https:\/\/c-go.org\/","name":"Communaut\u00e9s Gatineau Ouest","description":"","potentialAction":[{"@type":"SearchAction","target":{"@type":"EntryPoint","urlTemplate":"https:\/\/c-go.org\/?s={search_term_string}"},"query-input":{"@type":"PropertyValueSpecification","valueRequired":true,"valueName":"search_term_string"}}],"inLanguage":"en-US"}]}},"_links":{"self":[{"href":"https:\/\/c-go.org\/en\/wp-json\/wp\/v2\/pages\/371","targetHints":{"allow":["GET"]}}],"collection":[{"href":"https:\/\/c-go.org\/en\/wp-json\/wp\/v2\/pages"}],"about":[{"href":"https:\/\/c-go.org\/en\/wp-json\/wp\/v2\/types\/page"}],"author":[{"embeddable":true,"href":"https:\/\/c-go.org\/en\/wp-json\/wp\/v2\/users\/1"}],"replies":[{"embeddable":true,"href":"https:\/\/c-go.org\/en\/wp-json\/wp\/v2\/comments?post=371"}],"version-history":[{"count":4,"href":"https:\/\/c-go.org\/en\/wp-json\/wp\/v2\/pages\/371\/revisions"}],"predecessor-version":[{"id":486,"href":"https:\/\/c-go.org\/en\/wp-json\/wp\/v2\/pages\/371\/revisions\/486"}],"wp:attachment":[{"href":"https:\/\/c-go.org\/en\/wp-json\/wp\/v2\/media?parent=371"}],"curies":[{"name":"wp","href":"https:\/\/api.w.org\/{rel}","templated":true}]}}